{"id":107,"date":"2018-10-31T10:08:26","date_gmt":"2018-10-31T10:08:26","guid":{"rendered":"http:\/\/virginialorente.com\/?page_id=107"},"modified":"2024-04-10T14:33:42","modified_gmt":"2024-04-10T14:33:42","slug":"about-me","status":"publish","type":"page","link":"https:\/\/virginialorente.com\/?page_id=107","title":{"rendered":"ABOUT ME"},"content":{"rendered":"<p>[vc_row][vc_column width=\u00bb1\/2&#8243;]\t<div id=\"thb-image-69e2ef545b8c3\" class=\"caption-style1  alignleft   thb_image_link wp-caption \">\n\t  \t\t\t<div class=\"thb-image-inner size_100\">\n\t\t\t\t<img loading=\"lazy\" decoding=\"async\" width=\"1600\" height=\"1440\" src=\"https:\/\/virginialorente.com\/wp-content\/uploads\/2018\/11\/VIRGINIALORENTE.jpg\" class=\"thb_image   attachment-full\" alt=\"\" srcset=\"https:\/\/virginialorente.com\/wp-content\/uploads\/2018\/11\/VIRGINIALORENTE.jpg 1600w, https:\/\/virginialorente.com\/wp-content\/uploads\/2018\/11\/VIRGINIALORENTE-300x270.jpg 300w, https:\/\/virginialorente.com\/wp-content\/uploads\/2018\/11\/VIRGINIALORENTE-768x691.jpg 768w, https:\/\/virginialorente.com\/wp-content\/uploads\/2018\/11\/VIRGINIALORENTE-1024x922.jpg 1024w, https:\/\/virginialorente.com\/wp-content\/uploads\/2018\/11\/VIRGINIALORENTE-20x18.jpg 20w, https:\/\/virginialorente.com\/wp-content\/uploads\/2018\/11\/VIRGINIALORENTE-150x135.jpg 150w, https:\/\/virginialorente.com\/wp-content\/uploads\/2018\/11\/VIRGINIALORENTE-600x540.jpg 600w, https:\/\/virginialorente.com\/wp-content\/uploads\/2018\/11\/VIRGINIALORENTE-900x810.jpg 900w\" sizes=\"auto, (max-width: 1600px) 100vw, 1600px\" \/>\t\t\t\t\t\t\t<\/div>\n\t\t\t\t\t\t\t\t\t<\/div>\n\t[\/vc_column][vc_column width=\u00bb1\/2&#8243;][vc_column_text]<\/p>\n<p class=\"Pa0\"><strong><span lang=\"ES\">VIRGINIA LORENTE ALEGRE <\/span><\/strong><\/p>\n<p class=\"Pa0\"><span lang=\"ES\">+34 605 962 371 <\/span><\/p>\n<p class=\"Pa0\"><span lang=\"ES\">hola@virginialorente.com <\/span><\/p>\n<p class=\"Pa0\"><span lang=\"ES\"><a href=\"https:\/\/virginialorente.com\/\">https:\/\/virginialorente.com\/<\/a><\/span><\/p>\n<p>[\/vc_column_text][\/vc_column][\/vc_row][vc_row][vc_column width=\u00bb1\/3&#8243;][vc_column_text]<\/p>\n<div>\n<p><strong>Arquitecta e ilustradora.<\/strong><\/p>\n<\/div>\n<div>\n<p>Nac\u00ed en Val\u00e8ncia. No recuerdo en qu\u00e9 momento empec\u00e9 a dibujar, solo puedo afirmar que desde entonces nunca lo dej\u00e9.<\/p>\n<p>Me fascina la ilustraci\u00f3n, explicar historias a trav\u00e9s de ella, transmitir emociones.<\/p>\n<p>Estudi\u00e9 arquitectura y paralelamente continu\u00e9 \u00a0mi formaci\u00f3n art\u00edstica en la Facultad de Bellas artes de la UPV y posteriormente en la EASD de Val\u00e8ncia, en la especialidad de Dise\u00f1o Gr\u00e1fico, combinando as\u00ed las dos disciplinas, arquitectura e ilustraci\u00f3n, especializ\u00e1ndome en el \u00e1mbito de la arquitectura ilustrada, paisaje urbano y natural y mapas ilustrados.<\/p>\n<p>Ilustro para clientes tanto de car\u00e1cter privado como p\u00fablico, IVAM, MuVIM, Universitat de Val\u00e8ncia, FGV Ferrocarrils de la Generalitat Valenciana, Presidencia de la Generalitat Valenciana, La Marina de Val\u00e8ncia, Ayuntamiento de Val\u00e8ncia, UPV,\u00a0Editorial Santillana, Editorial Drassana, Editorial Andana, Hospital San Joan de Deu, Mercat Central de Val\u00e8ncia, CTAV, AVETID, Teatro Olympia<\/p>\n<p>Soy miembro de la APIV. Asociaci\u00f3n de Profesionales de la Ilustraci\u00f3n Valenciana.<\/p>\n<\/div>\n<div>\n<p>Exposiciones colectivas.<\/p>\n<p>.\u201cLey Mordaza\u201d &#8211; APIV<\/p>\n<p>.\u201cIl\u2022lustre anecdotari\u201d &#8211; APIV<\/p>\n<p>.\u201cOcultas e ilustradas\u201d &#8211; Vicerrectorado de Cultura y Deporte de la Universitat de Val\u00e8ncia y Centro Cultural La Nau de la Universitat de Val\u00e8ncia.<\/p>\n<p>.\u201cLa mar d&#8217;ilustrades\u201d &#8211; Mostra Viva del Mediterrani<\/p>\n<p>.\u201cProhibido fijar carteles REA\u201d &#8211; Consorcio de Museos de la Comunidad Valenciana y Asociaci\u00f3n de Dise\u00f1adores de la Comunidad Valenciana.<\/p>\n<p>.\u201cCoronacrisis y cultura: propuestas de creadoras valencianos\u201d &#8211; Vicerrectorado de Cultura y Deporte de la Universitat de Val\u00e8ncia y Centro Cultural La Nau de la Universitat de Val\u00e8ncia.<\/p>\n<p>.\u201dBabalunga y Kamolongos\u201d Exposici\u00f3n Babakamo 2020 Feria del Libro Ilustrado.<\/p>\n<p>.\u00bbThe Original Art 2020 Exhibition\u00bb. Exposici\u00f3n organizada por la Sociedad de Ilustradores de Nueva York.<\/p>\n<p>Reconocimientos<\/p>\n<p>. Premio Serra d&#8217;Or 2013 al \u00e1lbum ilustrado \u201cMis Casas Favoritas\u201d<\/p>\n<p>. Premio Carles Santos de la M\u00fasica. 2020 Mejor dise\u00f1o de disco \u201cLos a\u00f1os l\u00edquidos\u201d Luz<\/p>\n<p>.Premio dise\u00f1o autoproducido 2019 organizado por el Colegio Territorial de Arquitectos de Val\u00e8ncia. Proyecto ilustraci\u00f3n \u201cIconos de la arquitectura moderna Valenciana\u201d<\/p>\n<p>.\u201dInmigrante Architect &#8211; Rafael Guastavino andthe American Dream\u201d Reconocimiento con \u201cGold Satandard selection\u201d por la Junior Library Guild (JLG)<\/p>\n<p>.Premio dise\u00f1o autoproducido 2020 organizado por el Colegio Territorial de Arquitectos de Val\u00e8ncia. Proyecto barraca realizado con el dise\u00f1ador Carlos T\u00edscar.<\/p>\n<p>Publicaciones<\/p>\n<p>. Publicaciones en varios art\u00edculos de la revista dissenyCV, Val\u00e8ncia Plaza, Tribuna de la Construcci\u00f3n, Lletraferit y peri\u00f3dicos como el levante-emv,las provincias y La Vanguardia sobre dise\u00f1os, trayectoria profesional y proyectos realizados.<\/p>\n<p>.Portada Libro \u201cLA PLAZA\u201d &#8211; Fundaci\u00f3n Goerlich y\u00a0Sina\u00a0Cultural<\/p>\n<p>.Portada novela \u201cNoruega\u201d Ed. Drassana<\/p>\n<p>.Libro Ilustrado \u201dInmigrant Architect &#8211; Rafael Guastavino and the American Dream\u201d Ed. Tilbury House<\/p>\n<p>.Libro Ilustrado \u201cMis Casas Favoritas\u201d<\/p>\n<p>.Portada revista Lletraferit<\/p>\n<p>.Portada revista Duplex<\/p>\n<\/div>\n<p><span style=\"font-size: inherit;\">[\/vc_column_text][\/vc_column][vc_column width=\u00bb1\/3&#8243;][vc_column_text]<\/span><\/p>\n<div>\n<p><em><b>Architect and illustrator.<\/b><\/em><\/p>\n<\/div>\n<div>\n<p><em>I was born in Valencia. I do not remember when I started drawing, I can only say that I never left it since then.<\/em><\/p>\n<p><em style=\"font-size: inherit;\">I love illustration, tell stories , convey emotions.<\/em><\/p>\n<p><em style=\"font-size: inherit;\">I studied architecture and at the same time I continued my artistic training in the Faculty of Fine Arts of the UPV and later in the EASD of Valencia, in the specialty of Graphic Design, combining both disciplines, architecture and illustration, specializing in the field of illustrated architecture, urban and natural landscape and illustrated maps.<\/em><\/p>\n<p><em style=\"font-size: inherit;\">I illustrate for clients both private and public, IVAM, MuVIM, Universitat de Val\u00e8ncia, FGV Ferrocarrils of the Generalitat Valenciana, Presid\u00e8ncia de la Generalitat Valenciana, La Marina de Val\u00e8ncia, Ajuntament de Val\u00e8ncia, Polythechnic University,UPV, Santillana Publisher, Drassana Publisher, Andana Publisher , San Joan de Deu Hospital , Central Market Val\u00e8ncia, CTAV, AVETID, Olympia Theater.<\/em><\/p>\n<p><em style=\"font-size: inherit;\">I am a member of the APIV. Association of Professionals of the Valencian Illustration.<\/em><span class=\"apple-converted-space\" style=\"font-size: inherit;\"><i>\u00a0<\/i><\/span><\/p>\n<p><em style=\"font-size: inherit;\">Collective exhibitions.<\/em><span class=\"apple-converted-space\" style=\"font-size: inherit;\"><i>\u00a0<\/i><\/span><\/p>\n<p><em style=\"font-size: inherit;\">. \u00abGag Law\u00bb &#8211; APIV .<\/em><span class=\"apple-converted-space\" style=\"font-size: inherit;\"><i>\u00a0<\/i><\/span><\/p>\n<p><em style=\"font-size: inherit;\">.\u201cIl \u2022 lustre anecdotari\u201d &#8211; APIV<\/em><span class=\"apple-converted-space\" style=\"font-size: inherit;\"><i>\u00a0<\/i><\/span><\/p>\n<p><em style=\"font-size: inherit;\">. \u00abHidden and illustrated\u00bb &#8211; Vice-Rector&#8217;s Office of Culture and Sports of the University of Valencia and La Nau Cultural Center of the University of Valencia.<\/em><\/p>\n<p><em style=\"font-size: inherit;\">. \u201cLa mar d&#8217;illustrades\u201d &#8211; Mostra Viva del Mediterrani<\/em><\/p>\n<p><em style=\"font-size: inherit;\">. \u00abIt is forbidden to fix \u00a0posters. REA\u00bb &#8211; Consortium of Museums of the Valencian Community and Association of Designers of the Valencian Community.<\/em><span class=\"apple-converted-space\" style=\"font-size: inherit;\"><i>\u00a0<\/i><\/span><\/p>\n<p><em style=\"font-size: inherit;\">. \u00abCoronacrisis and culture: proposals from Valencian creators\u00bb &#8211; Vice-Rector&#8217;s Office for Culture and Sports of the University of Valencia and La Nau Cultural Center of the University of Valencia.<\/em><\/p>\n<p><em style=\"font-size: inherit;\">. \u201dBabalunga and Kamolongos\u201d Babakamo 2020 Exhibition Illustrated Book Fair.<\/em><\/p>\n<p><em style=\"font-size: inherit;\">. \u00abThe Original Art 2020 Exhibition\u00bb. Exhibition organized by the Society of Illustrators of New York.<\/em><span class=\"apple-converted-space\" style=\"font-size: inherit;\"><i>\u00a0<\/i><\/span><\/p>\n<p><em style=\"font-size: inherit;\">Awards<\/em><span class=\"apple-converted-space\" style=\"font-size: inherit;\"><i>\u00a0<\/i><\/span><\/p>\n<p><em style=\"font-size: inherit;\">. Serra d&#8217;Or Award 2013 to the illustrated album \u00abMy Favorite Houses\u00bb<\/em><span class=\"apple-converted-space\" style=\"font-size: inherit;\"><i>\u00a0<\/i><\/span><\/p>\n<p><em style=\"font-size: inherit;\">. Music Carles Santos Award \u00a0Music. 2020 Best album design \u00abThe Liquid Years\u00bb Llum<\/em><\/p>\n<p><em style=\"font-size: inherit;\">.Self-produced design award 2019 organized by the Territorial College of Architects of Val\u00e8ncia. Illustration project \u00abModern Valencian Architecture Icons\u00bb<\/em><span class=\"apple-converted-space\" style=\"font-size: inherit;\"><i>\u00a0<\/i><\/span><\/p>\n<p><em style=\"font-size: inherit;\">. \u201dImmigrant Architect &#8211; Rafael Guastavino and the American Dream\u201d Recognition with \u201cGold Standard selection\u201d by the Junior Library Guild (JLG)<\/em><span class=\"apple-converted-space\" style=\"font-size: inherit;\"><i>\u00a0<\/i><\/span><\/p>\n<p><em style=\"font-size: inherit;\">.Self-produced design award 2020 organized by the Territorial College of Architects of Valencia. Barraca project carried out with the designer Carlos T\u00edscar.<\/em><span class=\"apple-converted-space\" style=\"font-size: inherit;\"><i>\u00a0<\/i><\/span><\/p>\n<p><em style=\"font-size: inherit;\">Publications<\/em><span class=\"apple-converted-space\" style=\"font-size: inherit;\"><i>\u00a0<\/i><\/span><\/p>\n<p><em style=\"font-size: inherit;\">. Publications in several articles in the magazine dissenyCV, Val\u00e8ncia Plaza, Tribuna de la Construcci\u00f3n, Lletraferit and newspapers such as Levante-Emv, Las Provincias and La Vanguardia about designs, professional career and projects carried out.<\/em><span class=\"apple-converted-space\" style=\"font-size: inherit;\"><i>\u00a0<\/i><\/span><\/p>\n<p><i style=\"font-size: inherit;\">. \u00abLA PLAZA\u00bb Book Cover &#8211; Goerlich Foundation and\u00a0Sina\u00a0Cultural<span class=\"apple-converted-space\">\u00a0<\/span><\/i><\/p>\n<p><i style=\"font-size: inherit;\">.\u00bbNoruega\u00bb novel cover . Drassana Publisher<\/i><\/p>\n<p><i style=\"font-size: inherit;\">. Illustrated Book \u00abImmigrant Architect &#8211; Rafael Guastavino and the American Dream\u00bb \u00a0Tilbury House Publisher.<\/i><\/p>\n<p><i style=\"font-size: inherit;\">.Illustrated Book \u00abMy Favorite Houses\u00bb<span class=\"apple-converted-space\">\u00a0<\/span><\/i><\/p>\n<p><i style=\"font-size: inherit;\">.Lletraferit magazine cover<\/i><\/p>\n<p><i style=\"font-size: inherit;\">.Duplex magazine cover<\/i><\/p>\n<\/div>\n<p><span style=\"font-size: inherit;\">[\/vc_column_text][\/vc_column][vc_column width=\u00bb1\/3&#8243;][vc_column_text]<\/span><\/p>\n<p><strong><em>Arquitecta i il\u00b7lustradora.<\/em><\/strong><\/p>\n<p><em>Vaig n\u00e0ixer a Val\u00e8ncia. No recorde en quin moment vaig comen\u00e7ar a dibuixar, nom\u00e9s puc afirmar que des de llavors mai ho vaig deixar.<\/em><\/p>\n<p><em>Em fascina la il\u00b7lustraci\u00f3, explicar hist\u00f2ries a trav\u00e9s d&#8217;ella, transmetre emocions.<\/em><\/p>\n<p><em>Vaig estudiar arquitectura i paral\u00b7lelament vaig continuar la meva la meva formaci\u00f3 art\u00edstica a Facultat de Belles Arts de la UPV i posteriorment en l&#8217;EASD de Val\u00e8ncia, en l&#8217;especialitat de Disseny Gr\u00e0fic, combinant aix\u00ed les dues disciplines, arquitectura i il\u00b7lustraci\u00f3, especialitzant-me en l&#8217;\u00e0mbit de l&#8217;arquitectura il\u00b7lustrada, paisatge urb\u00e0 i natural i mapes il\u00b7lustrats.<\/em><\/p>\n<p><em>Il\u00b7lustre per a clients tant de car\u00e0cter privat com p\u00fablic, IVAM, MuVIM, Universitat de Val\u00e8ncia, FGV Ferrocarrils de la Generalitat Valenciana, Presid\u00e8ncia de la Generalitat Valenciana, La Marina de Val\u00e8ncia, Ajuntament de Val\u00e8ncia, UPV,\u00a0<\/em>Editorial Santillana, Editorial Drassana, Editorial Andana, Hospital Sant Joan de Deu, Mercat Central de Val\u00e8ncia, CTAV, AVETID, Teatre Olympia<\/p>\n<p><em>S\u00f3c membre de l&#8217;APIV. Associaci\u00f3 de Professionals de la Il\u00b7lustraci\u00f3 Valenciana.<\/em><\/p>\n<p>Exposicions col\u00b7lectives.<\/p>\n<p>.\u201cLlei Mordassa\u201d &#8211; APIV<\/p>\n<p>.\u201cIl\u2022llustre anecdotari\u201d &#8211; APIV<\/p>\n<p>.\u201cOcultes i il\u00b7lustrades\u201d &#8211; &#8211; Vicerectorat de Cultura i Esport de la Universitat de Val\u00e8ncia i Centre Cultural La Nau de la Universitat de Val\u00e8ncia.<\/p>\n<p>.\u201cLa mar d\u2019ilustrades\u201d &#8211; Mostra Viva del Mediterrani<\/p>\n<p>.\u201cProhibit fixar cartells REA\u201d &#8211; Consorci de Museus de la Comunitat Valenciana i Associaci\u00f3 de Dissenyadors de la Comunitat Valenciana.<\/p>\n<p>.\u201cCoronacrisis y cultura: propuestas de creadores valencianos\u201d &#8211; Vicerectorat de Cultura i Esport de la Universitat de Val\u00e8ncia i Centre Cultural La Nau de la Universitat de Val\u00e8ncia.<\/p>\n<p>.\u201dBabalunga i Kamolongos\u201d Exposici\u00f3 Babakamo 2020 Fira del Llibre Il\u00b7lustrat.<\/p>\n<p>.The Original Art 2020. Exposici\u00f3 organitzada per la Societat d\u2019Il\u00b7lustradors de Nova York.<\/p>\n<p>Reconeixements<\/p>\n<p>. Premi Serra d\u2019Or 2013 a l\u2019\u00e0lbum il\u00b7lustrat \u201cLes meues Cases Favorites\u201d<\/p>\n<p>. Premi Carles Santos de la M\u00fasica. 2020 Millor disseny de disc \u201cLos a\u00f1os l\u00edquidos\u201d Llum<\/p>\n<p>.Premi disseny autoprodu\u00eft 2019 organitzat pel Col\u00b7legi Territorial d\u2019Arquitectes de Val\u00e8ncia. Projecte il\u00b7lustraci\u00f3 \u201cIconos de la arquitectura moderna Valenciana\u201d<\/p>\n<p>.\u201dImmigrant Architect &#8211; Rafael Guastavino and the American Dream\u201d Reconeixement amb \u201cGold Satandard selection\u201d per la Junior Library Guild (JLG)<\/p>\n<p>.Premi disseny autoprodu\u00eft 2020 organitzat pel Col\u00b7legi Territorial d\u2019Arquitectes de Val\u00e8ncia. Projecte bArrAcA realitzat amb el dissenyador Carlos T\u00edscar.<\/p>\n<p>Publicacions<\/p>\n<p>. Publicacions en diversos articles de la revista dissenyCV, Val\u00e8ncia Plaza, Tribuna de la Construcci\u00f3, Lletraferit i peri\u00f2dics com el llevant-emv,les prov\u00edncies i La Vanguardia sobre dissenys, traject\u00f2ria professional i projectes realitzats.<\/p>\n<p>.Portada Llibre \u201cLA PLAZA\u201d &#8211; Fundaci\u00f3n Goerlich i Eina Cultural<\/p>\n<p>.Portada novel\u00b7la \u201cNoruega\u201d Ed. Drassana<\/p>\n<p>.Llibre Il\u00b7lustrat \u201dImmigrant Architect &#8211; Rafael Guastavino and the American Dream\u201d Ed. Tilbury House<\/p>\n<p>.Llibre Il\u00b7lustrat \u201cLes Meves Cases Favorites\u201d<\/p>\n<p>.Portada revista Lletraferit<\/p>\n<p>.Portada revista Duplex<\/p>\n<p><span style=\"font-size: inherit;\">[\/vc_column_text][\/vc_column][\/vc_row]<\/span><\/p>\n","protected":false},"excerpt":{"rendered":"<p>[vc_row][vc_column width=\u00bb1\/2&#8243;][\/vc_column][vc_column width=\u00bb1\/2&#8243;][vc_column_text] VIRGINIA LORENTE ALEGRE +34 605 962 371 hola@virginialorente.com https:\/\/virginialorente.com\/ [\/vc_column_text][\/vc_column][\/vc_row][vc_row][vc_column width=\u00bb1\/3&#8243;][vc_column_text] Arquitecta e ilustradora. Nac\u00ed en Val\u00e8ncia. No recuerdo en qu\u00e9 momento empec\u00e9 a dibujar, solo puedo afirmar que desde entonces nunca lo dej\u00e9. Me fascina la ilustraci\u00f3n, explicar historias a trav\u00e9s de ella, transmitir emociones. Estudi\u00e9 arquitectura y paralelamente continu\u00e9 \u00a0mi&hellip;<\/p>\n","protected":false},"author":1,"featured_media":205,"parent":0,"menu_order":0,"comment_status":"closed","ping_status":"closed","template":"","meta":{"footnotes":""},"class_list":["post-107","page","type-page","status-publish","has-post-thumbnail","hentry"],"_links":{"self":[{"href":"https:\/\/virginialorente.com\/index.php?rest_route=\/wp\/v2\/pages\/107","targetHints":{"allow":["GET"]}}],"collection":[{"href":"https:\/\/virginialorente.com\/index.php?rest_route=\/wp\/v2\/pages"}],"about":[{"href":"https:\/\/virginialorente.com\/index.php?rest_route=\/wp\/v2\/types\/page"}],"author":[{"embeddable":true,"href":"https:\/\/virginialorente.com\/index.php?rest_route=\/wp\/v2\/users\/1"}],"replies":[{"embeddable":true,"href":"https:\/\/virginialorente.com\/index.php?rest_route=%2Fwp%2Fv2%2Fcomments&post=107"}],"version-history":[{"count":22,"href":"https:\/\/virginialorente.com\/index.php?rest_route=\/wp\/v2\/pages\/107\/revisions"}],"predecessor-version":[{"id":711,"href":"https:\/\/virginialorente.com\/index.php?rest_route=\/wp\/v2\/pages\/107\/revisions\/711"}],"wp:featuredmedia":[{"embeddable":true,"href":"https:\/\/virginialorente.com\/index.php?rest_route=\/wp\/v2\/media\/205"}],"wp:attachment":[{"href":"https:\/\/virginialorente.com\/index.php?rest_route=%2Fwp%2Fv2%2Fmedia&parent=107"}],"curies":[{"name":"wp","href":"https:\/\/api.w.org\/{rel}","templated":true}]}}